{"id":2933,"date":"2024-05-24T19:40:43","date_gmt":"2024-05-24T23:40:43","guid":{"rendered":"https:\/\/juliepicard.net\/monographie-juliepicard-mettre-sur-papier\/"},"modified":"2024-10-03T15:49:54","modified_gmt":"2024-10-03T19:49:54","slug":"monographie-juliepicard-mettre-sur-papier","status":"publish","type":"page","link":"https:\/\/juliepicard.net\/en\/monographie-juliepicard-mettre-sur-papier\/","title":{"rendered":"Monographie Julie Picard &#8211; Mettre sur papier"},"content":{"rendered":"\t\t<div data-elementor-type=\"wp-page\" data-elementor-id=\"2933\" class=\"elementor elementor-2933 elementor-1609\" data-elementor-post-type=\"page\">\n\t\t\t\t<div class=\"elementor-element elementor-element-211f03f e-flex e-con-boxed e-con e-parent\" data-id=\"211f03f\" data-element_type=\"container\" data-e-type=\"container\" data-settings=\"{&quot;jet_parallax_layout_list&quot;:[]}\">\n\t\t\t\t\t<div class=\"e-con-inner\">\n\t\t<div class=\"elementor-element elementor-element-bbb65f9 e-con-full e-flex e-con e-child\" data-id=\"bbb65f9\" data-element_type=\"container\" data-e-type=\"container\" data-settings=\"{&quot;jet_parallax_layout_list&quot;:[]}\">\n\t\t\t\t<div class=\"elementor-element elementor-element-de1c319 elementor-widget__width-inherit elementor-widget elementor-widget-heading\" data-id=\"de1c319\" data-element_type=\"widget\" data-e-type=\"widget\" data-widget_type=\"heading.default\">\n\t\t\t\t<div class=\"elementor-widget-container\">\n\t\t\t\t\t<h5 class=\"elementor-heading-title elementor-size-default\">Monographie <i>Julie Picard - Mettre sur papier <\/i><br><b>(The English version of this Page is upcoming soon)<\/b><\/h5>\t\t\t\t<\/div>\n\t\t\t\t<\/div>\n\t\t\t\t<div class=\"elementor-element elementor-element-e38cdfe elementor-widget__width-inherit elementor-widget elementor-widget-text-editor\" data-id=\"e38cdfe\" data-element_type=\"widget\" data-e-type=\"widget\" data-widget_type=\"text-editor.default\">\n\t\t\t\t<div class=\"elementor-widget-container\">\n\t\t\t\t\t\t\t\t\t<b>Anne-Marie Bouchard<\/b>\u00a0est sp\u00e9cialiste de l\u2019histoire de la presse illustr\u00e9e et de la photographie. Apr\u00e8s une ma\u00eetrise consacr\u00e9e aux pratiques de photomontage dada\u00efstes, elle a termin\u00e9 un doctorat en 2009 sur la culture visuelle des journaux anarchistes. Elle enseigne l\u2019histoire et la th\u00e9orie de l\u2019art \u00e0 l\u2019Universit\u00e9 de Montr\u00e9al depuis 2007. Elle est conservatrice de l\u2019art moderne au Mus\u00e9e national des beaux-arts du Qu\u00e9bec.<\/p>\n<b>Jacqueline Bouchard\u00a0<\/b>est auteure et artiste anthropologue. Dans sa pratique hybride, l\u2019\u00e9criture et les arts visuels se chevauchent. Elle collabore \u00e0 des revues culturelles et universitaires, en arts visuels et en th\u00e9\u00e2tre. Elle explore les rapports entre l\u2019art et la nature \u00e0 travers les arts visuels, des conf\u00e9rences et des essais (La for\u00eat sculpt\u00e9e, Un th\u00e9\u00e2tre de la nature).<\/p>\n<b>Marie-\u00c8ve Tourigny<\/b>\u00a0est directrice artistique et designer graphique ind\u00e9pendante. Sp\u00e9cialis\u00e9e en \u00e9dition ainsi qu\u2019en langage culturel, elle collabore avec le centre d\u2019artistes Clark, l\u2019Hexagone, Le Mois de la Photo \u00e0 Montr\u00e9al, le Pica Magazine (Grand prix Grafika 2011), Ping Pong Ping, Tangente, ainsi que de nombreux artistes actuels. Elle fonde Collectif Blanc en 2014, une plateforme curatoriale faisant la promotion des nouvelles formes de design imprim\u00e9s d\u2019ici et d\u2019ailleurs.<\/p>\t\t\t\t\t\t\t\t<\/div>\n\t\t\t\t<\/div>\n\t\t\t\t<\/div>\n\t\t\t\t\t<\/div>\n\t\t\t\t<\/div>\n\t\t<div class=\"elementor-element elementor-element-d9e4c49 e-flex e-con-boxed e-con e-parent\" data-id=\"d9e4c49\" data-element_type=\"container\" data-e-type=\"container\" data-settings=\"{&quot;jet_parallax_layout_list&quot;:[]}\">\n\t\t\t\t\t<div class=\"e-con-inner\">\n\t\t<div class=\"elementor-element elementor-element-ce35636 e-con-full e-flex e-con e-child\" data-id=\"ce35636\" data-element_type=\"container\" data-e-type=\"container\" data-settings=\"{&quot;jet_parallax_layout_list&quot;:[]}\">\n\t\t\t\t<div class=\"elementor-element elementor-element-b26647c elementor-widget elementor-widget-text-editor\" data-id=\"b26647c\" data-element_type=\"widget\" data-e-type=\"widget\" data-widget_type=\"text-editor.default\">\n\t\t\t\t<div class=\"elementor-widget-container\">\n\t\t\t\t\t\t\t\t\t<p>* * *<\/p>\t\t\t\t\t\t\t\t<\/div>\n\t\t\t\t<\/div>\n\t\t\t\t<div class=\"elementor-element elementor-element-5a7b52d elementor-widget__width-inherit elementor-widget elementor-widget-text-editor\" data-id=\"5a7b52d\" data-element_type=\"widget\" data-e-type=\"widget\" data-widget_type=\"text-editor.default\">\n\t\t\t\t<div class=\"elementor-widget-container\">\n\t\t\t\t\t\t\t\t\t<p>Qui dit monographie, ne dit pas n\u00e9cessairement r\u00e9trospective.\u00a0<i>Mettre sur papier<\/i>\u00a0propose un corpus d&#8217;une trentaine d\u2019\u0153uvres autour du papier produites entre 1998 et 2014. Julie Picard est reconnue pour ses sculptures de papier r\u00e9cup\u00e9r\u00e9 qui abordent des enjeux sociaux et \u00e9cologiques en proposant une r\u00e9flexion singuli\u00e8re sur l\u2019acte de laisser sa trace. Ici, le papier prend la forme du livre. Deux auteures invit\u00e9es \u00e0 tour de r\u00f4le, Jacqueline Bouchard et Anne-Marie Bouchard, ont pos\u00e9 leur regard sur la d\u00e9marche de l\u2019artiste en signant respectivement les textes\u00a0<i>Figures et sens du d\u00e9ploiement<\/i>\u00a0et\u00a0<i>L\u2019\u00e2ge du papier<\/i>. Puis, la designer graphique Marie-\u00cave Tourigny a rassembl\u00e9 \u00e9crits et images. Les oeuvres ainsi reli\u00e9es proposent une lecture in\u00e9dite du parcours de Julie Picard.<\/p><p><b>Julie Picard\u00a0<\/b>est une sculpteure dipl\u00f4m\u00e9e de l\u2019Universit\u00e9 Laval au tournant du mill\u00e9naire. Reconnue d\u2019abord pour sa jeune pratique en performance d\u00e8s 1998 et pour son implication soutenue \u00e0 l\u2019\u00celot Fleurie jusqu\u2019en 2002, elle est alors invit\u00e9e au centre d\u2019artistes Est-Nord-Est pour un projet de r\u00e9sidence. Elle est laur\u00e9ate d\u2019une vingtaine de prix et bourses, dont le Prix VIDERE (Qu\u00e9bec, 2008) et la m\u00e9daille d\u2019or en sculpture aux 6es Jeux de la Francophonie \u00e0 Beyrouth. Son travail a \u00e9t\u00e9 diffus\u00e9 au Qu\u00e9bec, au Canada, en France, en Belgique, en Suisse, en Allemagne, en Pologne, au Liban et en Australie. Elle est \u00e9galement une artiste reconnue pour son engagement dans sa communaut\u00e9, son expertise de formatrice ainsi que de gestionnaire comptable dans le domaine culturel.<\/p>\t\t\t\t\t\t\t\t<\/div>\n\t\t\t\t<\/div>\n\t\t\t\t<\/div>\n\t\t\t\t\t<\/div>\n\t\t\t\t<\/div>\n\t\t<div class=\"elementor-element elementor-element-79e3ae2 e-flex e-con-boxed e-con e-parent\" data-id=\"79e3ae2\" data-element_type=\"container\" data-e-type=\"container\" data-settings=\"{&quot;jet_parallax_layout_list&quot;:[]}\">\n\t\t\t\t\t<div class=\"e-con-inner\">\n\t\t<div class=\"elementor-element elementor-element-d294175 e-con-full e-flex e-con e-child\" data-id=\"d294175\" data-element_type=\"container\" data-e-type=\"container\" data-settings=\"{&quot;jet_parallax_layout_list&quot;:[]}\">\n\t\t\t\t<div class=\"elementor-element elementor-element-d6c99bc elementor-widget elementor-widget-text-editor\" data-id=\"d6c99bc\" data-element_type=\"widget\" data-e-type=\"widget\" data-widget_type=\"text-editor.default\">\n\t\t\t\t<div class=\"elementor-widget-container\">\n\t\t\t\t\t\t\t\t\t<p><b>\u00c9diteur: <\/b><b>LA CHAMBRE BLANCHE\u00a0<\/b><b>sous la direction de\u00a0<\/b><b>Fran\u00e7ois Vall\u00e9e<\/b><b><br \/><\/b><b>Auteures: <\/b><b>Anne-Marie Bouchard &amp; Jacqueline Bouchard<\/b><b><br \/><\/b><b>Artiste: <\/b><b>Julie Picard<\/b><b><br \/><\/b><b>ISBN: <\/b><b>978-2-9800702-8-0<\/b><b><br \/><\/b><b>Langue: <\/b><b>Fran\u00e7ais et anglais<\/b><b><br \/><\/b><b>Broch\u00e9, 32p. couleurs quadrichromie<\/b><b><br \/><\/b><b>16,5 cm X 26.5 cm X 0.4 cm<\/b><b><br \/><\/b><b>300 exemplaires<\/b><b><br \/><\/b><b>40 exemplaires en \u00e9dition num\u00e9rot\u00e9e avec insertion sculpturale et couverture fait-main<\/b><b><br \/><\/b><b>2015<\/b><\/p><h5>Lancements<\/h5><p>21 mai 2015 \u00e0 Qu\u00e9bec :\u00a0LA CHAMBRE BLANCHE, centre d&#8217;artistes (l&#8217;\u00e9diteur)<\/p><p>Le 9 juin 2015 \u00e0 Montr\u00e9al : Circa art actuel, centre d&#8217;artistes<\/p><p>Le 17 septembre 2015 \u00e0 Chicoutimi : Librairie Point de suspension, Centre d&#8217;artistes BANG<\/p><h5><span style=\"color: inherit; font-family: inherit; font-size: 1rem;\">Pour se procurer la publication papier<\/span><\/h5><p>Directement aupr\u00e8s de l&#8217;artiste : bonjour.juliepicard@gmail.com<\/p><p>\u00a0<\/p><p>LA CHAMBRE\u00a0BLANCHE, Qu\u00e9bec<b>\u00a0<\/b><a href=\"http:\/\/www.chambreblanche.qc.ca\/\" target=\"_blank\" rel=\"noopener\">SITE WEB<\/a>\u00a0<\/p><p>\u00a0<\/p><p>Librairie Point de suspension, Chicoutimi\u00a0<a style=\"font-family: var( --e-global-typography-text-font-family ), Sans-serif; font-size: var( --e-global-typography-text-font-size ); font-weight: var( --e-global-typography-text-font-weight ); text-align: var(--text-align); background-color: #ffffff;\" href=\"https:\/\/centrebang.ca\/librairie\/\" target=\"_blank\" rel=\"noopener\">SITE WEB<\/a><\/p>\t\t\t\t\t\t\t\t<\/div>\n\t\t\t\t<\/div>\n\t\t\t\t<div class=\"elementor-element elementor-element-407980c elementor-widget__width-initial elementor-widget-divider--view-line elementor-widget elementor-widget-divider\" data-id=\"407980c\" data-element_type=\"widget\" data-e-type=\"widget\" data-widget_type=\"divider.default\">\n\t\t\t\t<div class=\"elementor-widget-container\">\n\t\t\t\t\t\t\t<div class=\"elementor-divider\">\n\t\t\t<span class=\"elementor-divider-separator\">\n\t\t\t\t\t\t<\/span>\n\t\t<\/div>\n\t\t\t\t\t\t<\/div>\n\t\t\t\t<\/div>\n\t\t\t\t<\/div>\n\t\t<div class=\"elementor-element elementor-element-0758915 e-con-full e-flex e-con e-child\" data-id=\"0758915\" data-element_type=\"container\" data-e-type=\"container\" data-settings=\"{&quot;jet_parallax_layout_list&quot;:[]}\">\n\t\t\t\t<div class=\"elementor-element elementor-element-664d737 elementor-widget elementor-widget-image\" data-id=\"664d737\" data-element_type=\"widget\" data-e-type=\"widget\" data-widget_type=\"image.default\">\n\t\t\t\t<div class=\"elementor-widget-container\">\n\t\t\t\t\t\t\t\t\t\t\t\t\t\t\t<img fetchpriority=\"high\" decoding=\"async\" width=\"438\" height=\"700\" src=\"https:\/\/juliepicard.net\/wp-content\/uploads\/Couverture.jpg\" class=\"attachment-large size-large wp-image-2934\" alt=\"\" srcset=\"https:\/\/juliepicard.net\/wp-content\/uploads\/Couverture.jpg 438w, https:\/\/juliepicard.net\/wp-content\/uploads\/Couverture-188x300.jpg 188w\" sizes=\"(max-width: 438px) 100vw, 438px\" \/>\t\t\t\t\t\t\t\t\t\t\t\t\t\t\t<\/div>\n\t\t\t\t<\/div>\n\t\t\t\t<\/div>\n\t\t\t\t\t<\/div>\n\t\t\t\t<\/div>\n\t\t<div class=\"elementor-element elementor-element-1780b81 e-flex e-con-boxed e-con e-parent\" data-id=\"1780b81\" data-element_type=\"container\" data-e-type=\"container\" data-settings=\"{&quot;jet_parallax_layout_list&quot;:[]}\">\n\t\t\t\t\t<div class=\"e-con-inner\">\n\t\t<div class=\"elementor-element elementor-element-6187a28 e-con-full e-flex e-con e-child\" data-id=\"6187a28\" data-element_type=\"container\" data-e-type=\"container\" data-settings=\"{&quot;jet_parallax_layout_list&quot;:[]}\">\n\t\t\t\t<div class=\"elementor-element elementor-element-f78d425 elementor-widget elementor-widget-text-editor\" data-id=\"f78d425\" data-element_type=\"widget\" data-e-type=\"widget\" data-widget_type=\"text-editor.default\">\n\t\t\t\t<div class=\"elementor-widget-container\">\n\t\t\t\t\t\t\t\t\t<h6 style=\"font-family: 'SEGOE UI', sans-serif;\">Download Monograph Pdf<\/h6>\t\t\t\t\t\t\t\t<\/div>\n\t\t\t\t<\/div>\n\t\t\t\t<\/div>\n\t\t<div class=\"elementor-element elementor-element-9ff743d e-con-full e-flex e-con e-child\" data-id=\"9ff743d\" data-element_type=\"container\" data-e-type=\"container\" data-settings=\"{&quot;jet_parallax_layout_list&quot;:[]}\">\n\t\t\t\t<div class=\"elementor-element elementor-element-03a130d elementor-button-info elementor-widget elementor-widget-button\" data-id=\"03a130d\" data-element_type=\"widget\" data-e-type=\"widget\" data-widget_type=\"button.default\">\n\t\t\t\t<div class=\"elementor-widget-container\">\n\t\t\t\t\t\t\t\t\t<div class=\"elementor-button-wrapper\">\n\t\t\t\t\t<a class=\"elementor-button elementor-button-link elementor-size-sm\" href=\"https:\/\/juliepicard.net\/wp-content\/uploads\/JULIEPICARD_BOOK.pdf\" target=\"_blank\">\n\t\t\t\t\t\t<span class=\"elementor-button-content-wrapper\">\n\t\t\t\t\t\t<span class=\"elementor-button-icon\">\n\t\t\t\t<i aria-hidden=\"true\" class=\"far fa-file-pdf\"><\/i>\t\t\t<\/span>\n\t\t\t\t\t\t\t\t\t<span class=\"elementor-button-text\">Cliquez ici<\/span>\n\t\t\t\t\t<\/span>\n\t\t\t\t\t<\/a>\n\t\t\t\t<\/div>\n\t\t\t\t\t\t\t\t<\/div>\n\t\t\t\t<\/div>\n\t\t\t\t<\/div>\n\t\t\t\t\t<\/div>\n\t\t\t\t<\/div>\n\t\t\t\t<\/div>\n\t\t","protected":false},"excerpt":{"rendered":"<p>Monographie Julie Picard &#8211; Mettre sur papier (The English version of this Page is upcoming soon) Anne-Marie Bouchard\u00a0est sp\u00e9cialiste de l\u2019histoire de la presse illustr\u00e9e et de la photographie. Apr\u00e8s une ma\u00eetrise consacr\u00e9e aux pratiques de photomontage dada\u00efstes, elle a termin\u00e9 un doctorat en 2009 sur la culture visuelle des journaux anarchistes. Elle enseigne l\u2019histoire [&hellip;]<\/p>\n","protected":false},"author":2,"featured_media":0,"parent":0,"menu_order":0,"comment_status":"closed","ping_status":"closed","template":"","meta":{"_acf_changed":false,"_seopress_robots_primary_cat":"","_seopress_titles_title":"","_seopress_titles_desc":"","_seopress_robots_index":"","footnotes":""},"class_list":["post-2933","page","type-page","status-publish","hentry"],"acf":[],"_links":{"self":[{"href":"https:\/\/juliepicard.net\/en\/wp-json\/wp\/v2\/pages\/2933","targetHints":{"allow":["GET"]}}],"collection":[{"href":"https:\/\/juliepicard.net\/en\/wp-json\/wp\/v2\/pages"}],"about":[{"href":"https:\/\/juliepicard.net\/en\/wp-json\/wp\/v2\/types\/page"}],"author":[{"embeddable":true,"href":"https:\/\/juliepicard.net\/en\/wp-json\/wp\/v2\/users\/2"}],"replies":[{"embeddable":true,"href":"https:\/\/juliepicard.net\/en\/wp-json\/wp\/v2\/comments?post=2933"}],"version-history":[{"count":12,"href":"https:\/\/juliepicard.net\/en\/wp-json\/wp\/v2\/pages\/2933\/revisions"}],"predecessor-version":[{"id":4583,"href":"https:\/\/juliepicard.net\/en\/wp-json\/wp\/v2\/pages\/2933\/revisions\/4583"}],"wp:attachment":[{"href":"https:\/\/juliepicard.net\/en\/wp-json\/wp\/v2\/media?parent=2933"}],"curies":[{"name":"wp","href":"https:\/\/api.w.org\/{rel}","templated":true}]}}