{"id":2935,"date":"2024-04-14T14:54:46","date_gmt":"2024-04-14T18:54:46","guid":{"rendered":"https:\/\/juliepicard.net\/dossier-de-presse-2\/"},"modified":"2024-10-03T16:08:15","modified_gmt":"2024-10-03T20:08:15","slug":"dossier-de-presse-2","status":"publish","type":"page","link":"https:\/\/juliepicard.net\/en\/dossier-de-presse-2\/","title":{"rendered":"Press"},"content":{"rendered":"\t\t<div data-elementor-type=\"wp-page\" data-elementor-id=\"2935\" class=\"elementor elementor-2935 elementor-677\" data-elementor-post-type=\"page\">\n\t\t\t\t<div class=\"elementor-element elementor-element-211f03f e-flex e-con-boxed e-con e-parent\" data-id=\"211f03f\" data-element_type=\"container\" data-e-type=\"container\" data-settings=\"{&quot;jet_parallax_layout_list&quot;:[]}\">\n\t\t\t\t\t<div class=\"e-con-inner\">\n\t\t<div class=\"elementor-element elementor-element-bbb65f9 e-con-full e-flex e-con e-child\" data-id=\"bbb65f9\" data-element_type=\"container\" data-e-type=\"container\" data-settings=\"{&quot;jet_parallax_layout_list&quot;:[]}\">\n\t\t\t\t<div class=\"elementor-element elementor-element-de1c319 elementor-widget__width-inherit elementor-widget elementor-widget-heading\" data-id=\"de1c319\" data-element_type=\"widget\" data-e-type=\"widget\" data-widget_type=\"heading.default\">\n\t\t\t\t<div class=\"elementor-widget-container\">\n\t\t\t\t\t<h5 class=\"elementor-heading-title elementor-size-default\">Selection of Press Articles <\/h5>\t\t\t\t<\/div>\n\t\t\t\t<\/div>\n\t\t\t\t<div class=\"elementor-element elementor-element-8f72fe7 elementor-widget__width-inherit elementor-widget elementor-widget-text-editor\" data-id=\"8f72fe7\" data-element_type=\"widget\" data-e-type=\"widget\" data-widget_type=\"text-editor.default\">\n\t\t\t\t<div class=\"elementor-widget-container\">\n\t\t\t\t\t\t\t\t\t<p><a href=\"https:\/\/juliepicard.net\/wp-content\/uploads\/2024-05-11-LeDevoir-Caroline-Bertrand.pdf\" target=\"_blank\" rel=\"noopener\">\u00ab L\u2019art dans tous ses \u00e9tats \u00bb<\/a>, BERTRAND, Caroline, Cahier sp\u00e9cial Mus\u00e9es, Le Devoir, 11 mai 2024<\/p>\n<p><a style=\"background-color: #ffffff; font-family: 'SEGOE UI', sans-serif; font-size: var( --e-global-typography-secondary-font-size ); font-weight: 400;\" href=\"https:\/\/juliepicard.net\/wp-content\/uploads\/2024-04-30-JunkPage-France-CACMeymac.pdf\" target=\"_blank\" rel=\"noopener\">\u00ab L&#8217;intime d\u00e9voil\u00e9 dans tous ses \u00e9tats \u00bb<\/a> MAISONNEUVE, Anna, JunkPage France, 30 avril 2024<\/p>\n<p><a href=\"https:\/\/juliepicard.net\/wp-content\/uploads\/2023-11-01-SAHB-Melina-Polin-Plante-HistoART.pdf\" target=\"_blank\" rel=\"noopener\">\u00ab Julie Picard : motifs de papier et jeux d&#8217;abondance \u00bb<\/a>, POULIN-PLANTE, M\u00e9lina, Histo&#8217;Art no. 12, 1er novembre 2023<\/p>\n<p><a href=\"https:\/\/juliepicard.net\/wp-content\/uploads\/JULIEPICARD_ARTICLE-LESOLEIL-J-Desloges-OCT2023.pdf\" target=\"_blank\" rel=\"noopener\">\u00ab Julie Picard \u00e0 la Galerie a: po\u00e8mes du temps imprim\u00e9 \u00bb, <\/a>DESLOGES, Josianne, Le Soleil, 7 octobre 2023<\/p>\n<p><a href=\"https:\/\/juliepicard.net\/wp-content\/uploads\/ARTICLE_LAPRESSE_2021_07_27.pdf\" target=\"_blank\" rel=\"noopener\">\u00ab Le d\u00e9but du Symposium de Baie Saint-Paul \u00bb, <\/a>VIGNEAULT, Alexandre, La Presse, section Art contemporain, 27 juillet 2021<\/p>\n<p><a href=\"https:\/\/juliepicard.net\/wp-content\/uploads\/JULIEPICARD_LE_SOLEIL_NOV2019.pdf\" target=\"_blank\" rel=\"noopener\">\u00ab La poin\u00e7onneuse de gazette \u00bb, <\/a>DESLOGES, Josiane, Le Soleil, section Arts visuels, p. M22, 23 novembre 2019<\/p>\n<p><a href=\"https:\/\/juliepicard.net\/wp-content\/uploads\/JULIEPICARD_DROIT-PAROLE_2019.pdf\" target=\"_blank\" rel=\"noopener\">\u00ab Minutieuse m\u00e9lancolie \u00bb,<\/a> LACHANCE, Micha\u00ebl, Journal Droit de parole, Vol. 46, Num\u00e9ro 6, D\u00e9cembre 2019, Qu\u00e9bec<\/p>\n<p><a href=\"https:\/\/juliepicard.net\/wp-content\/uploads\/JULIEPICARD_ESPACE_116_2017.pdf\" target=\"_blank\" rel=\"noopener\">\u00ab Julie Picard : Sp\u00e9cimens de masse \u00bb, <\/a>BRUNET, Louise, Revue ESPACE Art Actuel, Num\u00e9ro 116, Printemps 2017, Montr\u00e9al<\/p>\n<p><a href=\"https:\/\/juliepicard.net\/wp-content\/uploads\/JULIE-PICARD_ARTICLE_VIEDESARTS_WEBZINE2017.pdf\" target=\"_blank\" rel=\"noopener\">\u00ab L\u2019\u00e9ventail des nouvelles, papier journal \u00bb<\/a>, PARENT, Nathalie, Webzine VIE DES ARTS, Montr\u00e9al, 10 janvier 2017, Montr\u00e9al<\/p>\n<p><a href=\"https:\/\/juliepicard.net\/wp-content\/uploads\/JULIE-PICARD_ARTICLE_LaPresseEricClementJUIN2017.pdf\" target=\"_blank\" rel=\"noopener\">\u00ab Les arts en f\u00eate \u00e0 Pointe-Claire \u00bb<\/a>, CL\u00c9MENT, \u00c9ric, La Presse, 15 juin 2017, Montr\u00e9al<\/p>\n<p><a href=\"https:\/\/juliepicard.net\/wp-content\/uploads\/JULIEPICARD_ESPACE_114_2016.pdf\" target=\"_blank\" rel=\"noopener\">\u00ab \u00c9dition \/ Forme \/ Exp\u00e9rimentation : repenser le livre \u00bb<\/a>, BRUNET, Louise, Revue ESPACE Art Actuel, Num\u00e9ro 114, 2016, Montr\u00e9al<\/p>\n<p><a href=\"https:\/\/juliepicard.net\/wp-content\/uploads\/JULIEPICARD_ESPACE_112_2016.pdf\" target=\"_blank\" rel=\"noopener\">\u00ab Ouvrage re\u00e7u : Julie Picard Mettre sur papier \u00bb, <\/a>LEGENDRE, \u00c9ric, Revue ESPACE Art Actuel, Num\u00e9ro 112, Printemps 2016, Montr\u00e9al<\/p>\n<p><a href=\"https:\/\/juliepicard.net\/wp-content\/uploads\/JULIEPICARD_INTERLELIEU_2016.pdf\" target=\"_blank\" rel=\"noopener\">\u00ab Re\u00e7u au Lieu : Julie Picard Mettre sur papier \u00bb<\/a>, DUB\u00c9, Patrick, INTER Art Actuel, Num\u00e9ro 123, 2016, Qu\u00e9bec<\/p>\n<p><a href=\"https:\/\/juliepicard.net\/wp-content\/uploads\/JULIEPICARD_UPPERCASE2016.pdf\" target=\"_blank\" rel=\"noopener\">\u00ab Above the fold \u00bb, <\/a>UPPERCASE MAGAZINE, p.84-85, num\u00e9ro 29, printemps 2016, Calgary<\/p>\n<p><a href=\"https:\/\/juliepicard.net\/wp-content\/uploads\/JULIE-PICARD_ARTICLE_LE_DROIT_GATINEAU_2016.pdf\" target=\"_blank\" rel=\"noopener\">\u00ab Une exposition \u00e0 feuilleter \u00bb, <\/a>CUCCHI, Maud, Le Droit, 4 mars 2016, Gatineau<\/p>\n<p><a href=\"https:\/\/juliepicard.net\/wp-content\/uploads\/JULIE-PICARD_ARTICLE_LE_SOLEIL_DESLOGES_MAI2015.pdf\" target=\"_blank\" rel=\"noopener\">\u00ab Symboles pliables \u00bb, <\/a>DESLOGES, Josiane, Le Soleil, section Arts visuels, p. A13, 30 mai 2015, Qu\u00e9bec<\/p>\n<p><a href=\"https:\/\/juliepicard.net\/wp-content\/uploads\/JULIE-PICARD_ARTICLE_Deggendorfer_Zeitung_mai2015.pdf\" target=\"_blank\" rel=\"noopener\">\u00ab Die Alltags- und die Festtagsseite von Papier \u00bb, <\/a>EICHWALD, Josefine, Deggendorfer Zeitung, p.22, 18 mai 2015, Deggendorf, Allemagne<\/p>\n<p><a href=\"https:\/\/juliepicard.net\/wp-content\/uploads\/JULIE-PICARD_ARTICLE_VOIR_OCT_2015_Foire-de-Quebec.pdf\" target=\"_blank\" rel=\"noopener\">\u00ab La Foire en art actuel de Qu\u00e9bec revient pour une 3e \u00e9dition \u00bb<\/a>, GENEST, Catherine, VOIR Qu\u00e9bec, 8 octobre 2015, Qu\u00e9bec<\/p>\n<p><a href=\"https:\/\/juliepicard.net\/wp-content\/uploads\/JULIE-PICARD_ARTICLE_LaPresseOCT2014.pdf\" target=\"_blank\" rel=\"noopener\">\u00ab La grand-messe de l\u2019art contemporain \u00e0 Saint-Lambert \u00bb,<\/a> CL\u00c9MENT, \u00c9ric, La Presse, 16 octobre 2014, Montr\u00e9al<\/p>\n<p><a href=\"https:\/\/juliepicard.net\/wp-content\/uploads\/JULIE-PICARD_ARTICLE_LeSoleil_JoseeGuimondFev_2014.pdf\" target=\"_blank\" rel=\"noopener\">\u00ab L&#8217;art du recyclage \u00bb, <\/a>GUIMOND, Jos\u00e9e, Le Soleil, 9 f\u00e9vrier 2014, Qu\u00e9bec<\/p>\n<p><a href=\"https:\/\/juliepicard.net\/wp-content\/uploads\/JULIE-PICARD_ARTICLE_VOIR_OCT_2014.pdf\" target=\"_blank\" rel=\"noopener\">\u00ab Ouvrir le dialogue \u00bb, <\/a>LEDOUX, Julie, VOIR Montr\u00e9al, 10 octobre 2014, Montr\u00e9al<\/p>\n<p>&nbsp;Front Page<a href=\"https:\/\/juliepicard.net\/wp-content\/uploads\/JULIE-PICARD_ARTICLE_KUNSTHANDWERK2011.pdf\" target=\"_blank\" rel=\"noopener\">&nbsp;<\/a><a style=\"font-family: var( --e-global-typography-secondary-font-family ), Sans-serif; font-size: var( --e-global-typography-secondary-font-size ); font-weight: var( --e-global-typography-secondary-font-weight ); background-color: #ffffff; outline: 0px;\" href=\"https:\/\/juliepicard.net\/wp-content\/uploads\/JULIE-PICARD_ARTICLE_KUNSTHANDWERK2011.pdf\" target=\"_blank\" rel=\"noopener\">Kunsthandwerk &amp; Design<\/a>,&nbsp;<a style=\"font-family: var( --e-global-typography-secondary-font-family ), Sans-serif; font-size: var( --e-global-typography-secondary-font-size ); font-weight: var( --e-global-typography-secondary-font-weight ); background-color: #ffffff;\" href=\"https:\/\/juliepicard.net\/wp-content\/uploads\/JULIE-PICARD_ARTICLE_KUNSTHANDWERK2011.pdf\" target=\"_blank\" rel=\"noopener\">Mai\/Juin 2011, Allemagne<\/a><\/p>\n<p><a href=\"https:\/\/juliepicard.net\/wp-content\/uploads\/JULIEPICARD_LeDevoir_2011.pdf\" target=\"_blank\" rel=\"noopener\">\u00ab Papiers choisis au Devoir \u00bb, <\/a>PAR\u00c9, Isabelle, Le Devoir, 14 novembre 2011, Montr\u00e9al<\/p>\n<p><a href=\"https:\/\/juliepicard.net\/wp-content\/uploads\/JULIEPICARD_Bazzart_2009_HMatte.pdf\" target=\"_blank\" rel=\"noopener\">\u00ab Julie Picard : Mati\u00e8re \u00e0 po\u00e9sie \u00bb,<\/a> MATTE H\u00e9l\u00e8ne, Magazine Bazzart, Volume 4 num\u00e9ro 1, avril 2010, Qu\u00e9bec<\/p>\n<p><a href=\"https:\/\/juliepicard.net\/wp-content\/uploads\/JULIE-PICARD_ARTICLE-ESPACE2009.pdf\" target=\"_blank\" rel=\"noopener\">\u00ab Julie Picard : Sculpter le papier de d\u00e9construction \u00bb, <\/a>MATTE, H\u00e9l\u00e8ne, Espace Art Actuel, No 87, Printemps 2009, Montr\u00e9al<\/p>\n<p><a href=\"https:\/\/juliepicard.net\/wp-content\/uploads\/JULIEPICARD_LeSoleil_2009_NRoss.pdf\" target=\"_blank\" rel=\"noopener\">\u00ab Revue arts visuels 2009: Julie Picard gagne l&#8217;or \u00e0 Beyrouth \u00bb<\/a>, ROSS, Nadia, Le Soleil, 10 octobre 2009, Qu\u00e9bec<\/p>\n<p><a href=\"https:\/\/juliepicard.net\/wp-content\/uploads\/JULIEPICARD_LeSoleil_Laureat_2009.pdf\" target=\"_blank\" rel=\"noopener\">\u00ab Le laur\u00e9at Le Soleil-Radio-Canada : Julie Picard, Sculpter l\u2019\u00e9ph\u00e9m\u00e8re \u00bb<\/a>, DROLET, Anne, Le Soleil, 22 novembre 2009, Qu\u00e9bec<\/p>\n<p><a href=\"https:\/\/juliepicard.net\/wp-content\/uploads\/JULIEPICARD_LautreVoix_2008_MGrenier.pdf\" target=\"_blank\" rel=\"noopener\">\u00ab Le papier journal devient oeuvre d\u2019art \u00bb,<\/a> GRENIER, M\u00e9lanie, L\u2019Autre Voix, 1er mars 2008, Beaupr\u00e9<\/p>\n<p><a href=\"https:\/\/juliepicard.net\/wp-content\/uploads\/JULIEPICARD_LautreVoix_2008_MCochrane.pdf\" target=\"_blank\" rel=\"noopener\">\u00ab Julie Picard, du talent \u00e0 grand d\u00e9ploiement \u00bb, <\/a>COCHRANE, Marc, L\u2019Autre Voix, 3 d\u00e9cembre 2008, Beaupr\u00e9<\/p>\n<p><a href=\"https:\/\/juliepicard.net\/wp-content\/uploads\/JULIEPICARD_LeSoleil_2008_NCote.pdf\" target=\"_blank\" rel=\"noopener\">\u00ab \u00c9loge de la lenteur \u00bb<\/a>, C\u00d4T\u00c9, Nathalie, Le Soleil, 1er mars 2008, Qu\u00e9bec<\/p>\n<p><a href=\"https:\/\/juliepicard.net\/wp-content\/uploads\/JULIEPICARD_InQuarto_2004.pdf\" target=\"_blank\" rel=\"noopener\">\u00ab In Quarto, R\u00e9flexions sur l&#8217;art contemporain Julie Picard-Am\u00e9liorations Locatives \u00bb<\/a>, L\u00c9VESQUE, Julie, 2004, Rimouski<\/p><p><br><\/p>\n<p><\/p>\n<p><strong>Books and Catalogs<\/strong><\/p>\n<p><a href=\"https:\/\/www.manifdart.org\/produit\/catalogue-manif-dart-11\/\" target=\"_blank\" rel=\"noopener\"><span style=\"color: var( --e-global-color-primary ); font-family: var( --e-global-typography-secondary-font-family ), Sans-serif; font-size: var( --e-global-typography-secondary-font-size ); font-weight: var( --e-global-typography-secondary-font-weight );\">\u00ab&nbsp;<\/span>Manif d&#8217;art 11, La biennale de Qu\u00e9bec, Les forces du sommeil&nbsp;<\/a><span style=\"color: var( --e-global-color-primary ); font-family: var( --e-global-typography-secondary-font-family ), Sans-serif; font-size: var( --e-global-typography-secondary-font-size ); font-weight: var( --e-global-typography-secondary-font-weight );\">\u00bb, MURACCIOLE, Marie, 2024, Manif d&#8217;art, Qu\u00e9bec<\/span><\/p>\n<p><a href=\"https:\/\/www.cacmeymac.fr\/expositions\/Journalintimecarnetdevoyagejournaldebord-1603\" target=\"_blank\" rel=\"noopener\"><span style=\"color: var( --e-global-color-primary ); font-family: var( --e-global-typography-secondary-font-family ), Sans-serif; font-size: var( --e-global-typography-secondary-font-size ); font-weight: var( --e-global-typography-secondary-font-weight );\">\u00ab&nbsp;<\/span>Journal intime, carnet de voyage, journal de bord&nbsp;\u00bb<\/a>, BLANCHET, Jean-Paul, 2024, Centre d&#8217;art contemporain de Meymac, France<span style=\"color: var( --e-global-color-primary ); font-family: var( --e-global-typography-secondary-font-family ), Sans-serif; font-size: var( --e-global-typography-secondary-font-size ); font-weight: var( --e-global-typography-secondary-font-weight );\"><br><\/span><\/p>\n<p><a href=\"https:\/\/juliepicard.net\/en\/monographie-juliepicard-mettre-sur-papier\/\" target=\"_blank\" rel=\"noopener\"><span style=\"color: var( --e-global-color-primary ); font-family: var( --e-global-typography-secondary-font-family ), Sans-serif; font-size: var( --e-global-typography-secondary-font-size ); font-weight: var( --e-global-typography-secondary-font-weight );\">\u00ab&nbsp;<\/span>Mettre sur papier , BOUCHARD, Anne-Marie, BOUCHARD&nbsp;\u00bb<\/a><span style=\"color: var( --e-global-color-primary ); font-family: var( --e-global-typography-secondary-font-family ), Sans-serif; font-size: var( --e-global-typography-secondary-font-size ); font-weight: var( --e-global-typography-secondary-font-weight );\">, Jacqueline, 2015, La Chambre blanche, Qu\u00e9bec<\/span><\/p>\n<p>\u00ab M\u00e9mento 3, R\u00e9sidences 2001-2002 Centre Est Nord Est \u00bb, MICHEL, Frank, Centre Est Nord Est, 2004, Saint-Jean-Port-Joli<\/p>\t\t\t\t\t\t\t\t<\/div>\n\t\t\t\t<\/div>\n\t\t\t\t<\/div>\n\t\t\t\t\t<\/div>\n\t\t\t\t<\/div>\n\t\t\t\t<\/div>\n\t\t","protected":false},"excerpt":{"rendered":"<p>Selection of Press Articles \u00ab L\u2019art dans tous ses \u00e9tats \u00bb, BERTRAND, Caroline, Cahier sp\u00e9cial Mus\u00e9es, Le Devoir, 11 mai 2024 \u00ab L&#8217;intime d\u00e9voil\u00e9 dans tous ses \u00e9tats \u00bb MAISONNEUVE, Anna, JunkPage France, 30 avril 2024 \u00ab Julie Picard : motifs de papier et jeux d&#8217;abondance \u00bb, POULIN-PLANTE, M\u00e9lina, Histo&#8217;Art no. 12, 1er novembre 2023 [&hellip;]<\/p>\n","protected":false},"author":2,"featured_media":0,"parent":0,"menu_order":0,"comment_status":"closed","ping_status":"closed","template":"","meta":{"_acf_changed":false,"_seopress_robots_primary_cat":"","_seopress_titles_title":"","_seopress_titles_desc":"","_seopress_robots_index":"","footnotes":""},"class_list":["post-2935","page","type-page","status-publish","hentry"],"acf":[],"_links":{"self":[{"href":"https:\/\/juliepicard.net\/en\/wp-json\/wp\/v2\/pages\/2935","targetHints":{"allow":["GET"]}}],"collection":[{"href":"https:\/\/juliepicard.net\/en\/wp-json\/wp\/v2\/pages"}],"about":[{"href":"https:\/\/juliepicard.net\/en\/wp-json\/wp\/v2\/types\/page"}],"author":[{"embeddable":true,"href":"https:\/\/juliepicard.net\/en\/wp-json\/wp\/v2\/users\/2"}],"replies":[{"embeddable":true,"href":"https:\/\/juliepicard.net\/en\/wp-json\/wp\/v2\/comments?post=2935"}],"version-history":[{"count":20,"href":"https:\/\/juliepicard.net\/en\/wp-json\/wp\/v2\/pages\/2935\/revisions"}],"predecessor-version":[{"id":4596,"href":"https:\/\/juliepicard.net\/en\/wp-json\/wp\/v2\/pages\/2935\/revisions\/4596"}],"wp:attachment":[{"href":"https:\/\/juliepicard.net\/en\/wp-json\/wp\/v2\/media?parent=2935"}],"curies":[{"name":"wp","href":"https:\/\/api.w.org\/{rel}","templated":true}]}}